{"id":45668,"date":"2024-02-01T09:20:29","date_gmt":"2024-02-01T08:20:29","guid":{"rendered":"https:\/\/www.lleal.com\/producto\/melangeur-en-v\/"},"modified":"2024-09-27T14:22:55","modified_gmt":"2024-09-27T12:22:55","slug":"melangeur-en-v","status":"publish","type":"product","link":"https:\/\/www.lleal.com\/fr\/produit\/melangeur-en-v\/","title":{"rendered":"M\u00e9langeur en V"},"content":{"rendered":"<p>Le m\u00e9langeur en forme de V d\u00e9veloppe un processus de m\u00e9lange en douceur et en fluidit\u00e9 de solide\/solide dans n&rsquo;importe quel pourcentage et de solide\/liquide sous forme de poudre ou de granul\u00e9s et avec diff\u00e9rents poids sp\u00e9cifiques.<\/p>\n<p>En raison de sa forme, il cr\u00e9e \u00e0 l&rsquo;int\u00e9rieur des courants axiaux qui s\u00e9parent et unissent le mat\u00e9riau \u00e0 m\u00e9langer et qui, combin\u00e9s \u00e0 l&rsquo;action radiale, donnent comme r\u00e9sultat un m\u00e9lange rapide et homog\u00e8ne sans utiliser de pales d\u00e9flectrices ou d&rsquo;autres dispositifs m\u00e9caniques.<\/p>\n<p>En installant des syst\u00e8mes de chargement et de d\u00e9chargement automatiques, il permet d&rsquo;\u00e9liminer les temps d&rsquo;attente. Sa faible consommation d&rsquo;\u00e9nergie par rapport \u00e0 d&rsquo;autres syst\u00e8mes de m\u00e9lange en fait un \u00e9quipement tr\u00e8s rentable.<\/p>\n","protected":false},"excerpt":{"rendered":"<p>Le m\u00e9langeur en forme de V d\u00e9veloppe un processus de m\u00e9lange en douceur et en fluidit\u00e9 de solide\/solide dans n&rsquo;importe quel pourcentage et de solide\/liquide sous forme de poudre ou de granul\u00e9s et avec diff\u00e9rents poids sp\u00e9cifiques. En raison de sa forme, il cr\u00e9e \u00e0 l&rsquo;int\u00e9rieur des courants axiaux qui s\u00e9parent et unissent le mat\u00e9riau [&hellip;]<\/p>\n","protected":false},"featured_media":40947,"template":"","meta":{"_acf_changed":false},"product_brand":[],"product_cat":[138],"product_tag":[],"class_list":{"0":"post-45668","1":"product","2":"type-product","3":"status-publish","4":"has-post-thumbnail","6":"product_cat-melangeurs-de-solides-industriels","7":"sectores-alimentacion","8":"sectores-cosmetica","9":"sectores-farmacia","10":"sectores-quimica","11":"categoria-procesado-solidos","13":"first","14":"instock","15":"shipping-taxable","16":"product-type-simple"},"acf":[],"yoast_head":"<!-- This site is optimized with the Yoast SEO Premium plugin v23.8 (Yoast SEO v27.5) - https:\/\/yoast.com\/product\/yoast-seo-premium-wordpress\/ -->\n<title>V- M\u00e9langeur pour le m\u00e9lange de solides - Lleal S.A.U.<\/title>\n<meta name=\"description\" content=\"V- M\u00e9langeur ou pour le m\u00e9lange homog\u00e8ne et doux de solides avec possibilit\u00e9 d&#039;incorporation de liquides pour l&#039;industrie de transformation.\" \/>\n<meta name=\"robots\" content=\"index, follow, max-snippet:-1, max-image-preview:large, max-video-preview:-1\" \/>\n<link rel=\"canonical\" href=\"https:\/\/www.lleal.com\/fr\/produit\/melangeur-en-v\/\" \/>\n<meta property=\"og:locale\" content=\"fr_FR\" \/>\n<meta property=\"og:type\" content=\"article\" \/>\n<meta property=\"og:title\" content=\"M\u00e9langeur en V\" \/>\n<meta property=\"og:description\" content=\"V- M\u00e9langeur ou pour le m\u00e9lange homog\u00e8ne et doux de solides avec possibilit\u00e9 d&#039;incorporation de liquides pour l&#039;industrie de transformation.\" \/>\n<meta property=\"og:url\" content=\"https:\/\/www.lleal.com\/fr\/produit\/melangeur-en-v\/\" \/>\n<meta property=\"og:site_name\" content=\"Lleal S.A.U.\" \/>\n<meta property=\"article:modified_time\" content=\"2024-09-27T12:22:55+00:00\" \/>\n<meta property=\"og:image\" content=\"https:\/\/www.lleal.com\/wp-content\/uploads\/2024\/02\/mezclador-en-_imagen-menu.jpg\" \/>\n\t<meta property=\"og:image:width\" content=\"721\" \/>\n\t<meta property=\"og:image:height\" content=\"900\" \/>\n\t<meta property=\"og:image:type\" content=\"image\/jpeg\" \/>\n<meta name=\"twitter:card\" content=\"summary_large_image\" \/>\n<meta name=\"twitter:label1\" content=\"Prix\" \/>\n\t<meta name=\"twitter:data1\" content=\"\" \/>\n\t<meta name=\"twitter:label2\" content=\"Disponibilit\u00e9\" \/>\n\t<meta name=\"twitter:data2\" content=\"En stock\" \/>\n<meta property=\"product:price:currency\" content=\"EUR\" \/>\n<meta property=\"og:availability\" content=\"instock\" \/>\n<meta property=\"product:availability\" content=\"instock\" \/>\n<meta property=\"product:condition\" content=\"new\" \/>\n<!-- \/ Yoast SEO Premium plugin. -->","yoast_head_json":{"title":"V- M\u00e9langeur pour le m\u00e9lange de solides - Lleal S.A.U.","description":"V- M\u00e9langeur ou pour le m\u00e9lange homog\u00e8ne et doux de solides avec possibilit\u00e9 d'incorporation de liquides pour l'industrie de transformation.","robots":{"index":"index","follow":"follow","max-snippet":"max-snippet:-1","max-image-preview":"max-image-preview:large","max-video-preview":"max-video-preview:-1"},"canonical":"https:\/\/www.lleal.com\/fr\/produit\/melangeur-en-v\/","og_locale":"fr_FR","og_type":"article","og_title":"M\u00e9langeur en V","og_description":"V- M\u00e9langeur ou pour le m\u00e9lange homog\u00e8ne et doux de solides avec possibilit\u00e9 d'incorporation de liquides pour l'industrie de transformation.","og_url":"https:\/\/www.lleal.com\/fr\/produit\/melangeur-en-v\/","og_site_name":"Lleal S.A.U.","article_modified_time":"2024-09-27T12:22:55+00:00","og_image":[{"width":721,"height":900,"url":"https:\/\/www.lleal.com\/wp-content\/uploads\/2024\/02\/mezclador-en-_imagen-menu.jpg","type":"image\/jpeg"}],"twitter_card":"summary_large_image","twitter_misc":{"Prix":"","Disponibilit\u00e9":"En stock"},"schema":{"@context":"https:\/\/schema.org","@graph":[{"@type":"WebPage","@id":"https:\/\/www.lleal.com\/fr\/produit\/melangeur-en-v\/","url":"https:\/\/www.lleal.com\/fr\/produit\/melangeur-en-v\/","name":"V- M\u00e9langeur pour le m\u00e9lange de solides - Lleal S.A.U.","isPartOf":{"@id":"https:\/\/www.lleal.com\/fr\/#website"},"primaryImageOfPage":{"@id":"https:\/\/www.lleal.com\/fr\/produit\/melangeur-en-v\/#primaryimage"},"image":{"@id":"https:\/\/www.lleal.com\/fr\/produit\/melangeur-en-v\/#primaryimage"},"thumbnailUrl":"https:\/\/www.lleal.com\/wp-content\/uploads\/2024\/02\/mezclador-en-_imagen-menu.jpg","datePublished":"2024-02-01T08:20:29+00:00","dateModified":"2024-09-27T12:22:55+00:00","description":"V- M\u00e9langeur ou pour le m\u00e9lange homog\u00e8ne et doux de solides avec possibilit\u00e9 d'incorporation de liquides pour l'industrie de transformation.","breadcrumb":{"@id":"https:\/\/www.lleal.com\/fr\/produit\/melangeur-en-v\/#breadcrumb"},"inLanguage":"fr-FR","potentialAction":[{"@type":"ReadAction","target":["https:\/\/www.lleal.com\/fr\/produit\/melangeur-en-v\/"]}]},{"@type":"ImageObject","inLanguage":"fr-FR","@id":"https:\/\/www.lleal.com\/fr\/produit\/melangeur-en-v\/#primaryimage","url":"https:\/\/www.lleal.com\/wp-content\/uploads\/2024\/02\/mezclador-en-_imagen-menu.jpg","contentUrl":"https:\/\/www.lleal.com\/wp-content\/uploads\/2024\/02\/mezclador-en-_imagen-menu.jpg","width":721,"height":900},{"@type":"BreadcrumbList","@id":"https:\/\/www.lleal.com\/fr\/produit\/melangeur-en-v\/#breadcrumb","itemListElement":[{"@type":"ListItem","position":1,"name":"Portada","item":"https:\/\/www.lleal.com\/fr\/"},{"@type":"ListItem","position":2,"name":"Boutique","item":"https:\/\/www.lleal.com\/fr\/boutique\/"},{"@type":"ListItem","position":3,"name":"M\u00e9langeur en V"}]},{"@type":"WebSite","@id":"https:\/\/www.lleal.com\/fr\/#website","url":"https:\/\/www.lleal.com\/fr\/","name":"Lleal S.A.U.","description":"Experiencia e innovaci\u00f3n al servicio de la industria de proceso","publisher":{"@id":"https:\/\/www.lleal.com\/fr\/#organization"},"potentialAction":[{"@type":"SearchAction","target":{"@type":"EntryPoint","urlTemplate":"https:\/\/www.lleal.com\/fr\/?s={search_term_string}"},"query-input":{"@type":"PropertyValueSpecification","valueRequired":true,"valueName":"search_term_string"}}],"inLanguage":"fr-FR"},{"@type":"Organization","@id":"https:\/\/www.lleal.com\/fr\/#organization","name":"Lleal S.A.U.","url":"https:\/\/www.lleal.com\/fr\/","logo":{"@type":"ImageObject","inLanguage":"fr-FR","@id":"https:\/\/www.lleal.com\/fr\/#\/schema\/logo\/image\/","url":"https:\/\/www.lleal.com\/wp-content\/uploads\/2022\/07\/LOGO-LLEAL-BLACK-CLAIM-1.png","contentUrl":"https:\/\/www.lleal.com\/wp-content\/uploads\/2022\/07\/LOGO-LLEAL-BLACK-CLAIM-1.png","width":116,"height":70,"caption":"Lleal S.A.U."},"image":{"@id":"https:\/\/www.lleal.com\/fr\/#\/schema\/logo\/image\/"}}]},"product_price_currency":"EUR","og_availability":"instock","product_availability":"instock","product_condition":"new"},"_links":{"self":[{"href":"https:\/\/www.lleal.com\/fr\/wp-json\/wp\/v2\/product\/45668","targetHints":{"allow":["GET"]}}],"collection":[{"href":"https:\/\/www.lleal.com\/fr\/wp-json\/wp\/v2\/product"}],"about":[{"href":"https:\/\/www.lleal.com\/fr\/wp-json\/wp\/v2\/types\/product"}],"wp:featuredmedia":[{"embeddable":true,"href":"https:\/\/www.lleal.com\/fr\/wp-json\/wp\/v2\/media\/40947"}],"wp:attachment":[{"href":"https:\/\/www.lleal.com\/fr\/wp-json\/wp\/v2\/media?parent=45668"}],"wp:term":[{"taxonomy":"product_brand","embeddable":true,"href":"https:\/\/www.lleal.com\/fr\/wp-json\/wp\/v2\/product_brand?post=45668"},{"taxonomy":"product_cat","embeddable":true,"href":"https:\/\/www.lleal.com\/fr\/wp-json\/wp\/v2\/product_cat?post=45668"},{"taxonomy":"product_tag","embeddable":true,"href":"https:\/\/www.lleal.com\/fr\/wp-json\/wp\/v2\/product_tag?post=45668"}],"curies":[{"name":"wp","href":"https:\/\/api.w.org\/{rel}","templated":true}]}}