{"id":45650,"date":"2024-03-07T16:18:22","date_gmt":"2024-03-07T15:18:22","guid":{"rendered":"https:\/\/www.lleal.com\/producto\/dechargeur-de-big-bags-dosybag\/"},"modified":"2024-07-05T11:48:23","modified_gmt":"2024-07-05T09:48:23","slug":"dechargeur-de-big-bags-dosybag","status":"publish","type":"product","link":"https:\/\/www.lleal.com\/fr\/produit\/dechargeur-de-big-bags-dosybag\/","title":{"rendered":"D\u00e9chargeur de big-bags DOSYBAG"},"content":{"rendered":"<p>Le d\u00e9chargeur de <em>big-bags<\/em> est un \u00e9quipement con\u00e7u pour la d\u00e9charge contr\u00f4l\u00e9e de sacs, y compris pour les produits dont la fluidit\u00e9 est faible, tels que les talcs, le dioxyde de titane, etc.<\/p>\n<p>La version standard dispose d&rsquo;un syst\u00e8me de levage, actionn\u00e9 \u00e9lectriquement ou hydrauliquement, qui permet de soulever et de placer le <em>big-bag<\/em> \u00e0 la verticale pour le vidage. Le module de d\u00e9chargement permet de manipuler le <em>big-bag<\/em>vers le haut et vers le bas, tandis que le vibreur facilite le vidage du sac, notamment pour les produits ayant tendance \u00e0 s&rsquo;agglom\u00e9rer. <\/p>\n<p>Le d\u00e9chargeur de <em>big-bags<\/em> compl\u00e9t\u00e9 par une unit\u00e9 de dosage, la plus courante \u00e9tant la vis transporteuse. Celle-ci est adaptable en longueur et en inclinaison en fonction de l&rsquo;unit\u00e9 r\u00e9ceptrice du produit. <\/p>\n<p>Nous proposons \u00e9galement une version du d\u00e9chargeur DOSYBAG avec syst\u00e8me de cage transportable, id\u00e9ale pour les d\u00e9chargements partiels, tant que les produits sont fluides, car elle permet de retirer le <em>big-bag<\/em> m\u00eame s&rsquo;il n&rsquo;est pas compl\u00e8tement vid\u00e9.<\/p>\n","protected":false},"excerpt":{"rendered":"<p>Le d\u00e9chargeur de big-bags est un \u00e9quipement con\u00e7u pour la d\u00e9charge contr\u00f4l\u00e9e de sacs, y compris pour les produits dont la fluidit\u00e9 est faible, tels que les talcs, le dioxyde de titane, etc. La version standard dispose d&rsquo;un syst\u00e8me de levage, actionn\u00e9 \u00e9lectriquement ou hydrauliquement, qui permet de soulever et de placer le big-bag \u00e0 [&hellip;]<\/p>\n","protected":false},"featured_media":42569,"template":"","meta":{"_acf_changed":false},"product_brand":[],"product_cat":[142],"product_tag":[],"class_list":{"0":"post-45650","1":"product","2":"type-product","3":"status-publish","4":"has-post-thumbnail","6":"product_cat-transporteurs-de-solides-industriels","7":"sectores-alimentacion","8":"sectores-farmacia","9":"sectores-pinturas","10":"sectores-quimica","11":"categoria-procesado-solidos","13":"first","14":"instock","15":"shipping-taxable","16":"product-type-simple"},"acf":[],"yoast_head":"<!-- This site is optimized with the Yoast SEO Premium plugin v23.8 (Yoast SEO v27.5) - https:\/\/yoast.com\/product\/yoast-seo-premium-wordpress\/ -->\n<title>Descargador de Big-bags para descarga - Lleal S.A.U.<\/title>\n<meta name=\"description\" content=\"Descargador de Big-Bags: equipo concebido para la descarga controlada de Big-bags, incluyendo aquellos productos cuya fluidez sea escasa.\" \/>\n<meta name=\"robots\" content=\"index, follow, max-snippet:-1, max-image-preview:large, max-video-preview:-1\" \/>\n<link rel=\"canonical\" href=\"https:\/\/www.lleal.com\/fr\/produit\/dechargeur-de-big-bags-dosybag\/\" \/>\n<meta property=\"og:locale\" content=\"fr_FR\" \/>\n<meta property=\"og:type\" content=\"article\" \/>\n<meta property=\"og:title\" content=\"D\u00e9chargeur de big-bags DOSYBAG\" \/>\n<meta property=\"og:description\" content=\"Descargador de Big-Bags: equipo concebido para la descarga controlada de Big-bags, incluyendo aquellos productos cuya fluidez sea escasa.\" \/>\n<meta property=\"og:url\" content=\"https:\/\/www.lleal.com\/fr\/produit\/dechargeur-de-big-bags-dosybag\/\" \/>\n<meta property=\"og:site_name\" content=\"Lleal S.A.U.\" \/>\n<meta property=\"article:modified_time\" content=\"2024-07-05T09:48:23+00:00\" \/>\n<meta property=\"og:image\" content=\"https:\/\/www.lleal.com\/wp-content\/uploads\/2024\/03\/DOSYBAG_Imagen-menu.jpg\" \/>\n\t<meta property=\"og:image:width\" content=\"721\" \/>\n\t<meta property=\"og:image:height\" content=\"900\" \/>\n\t<meta property=\"og:image:type\" content=\"image\/jpeg\" \/>\n<meta name=\"twitter:card\" content=\"summary_large_image\" \/>\n<meta name=\"twitter:label1\" content=\"Prix\" \/>\n\t<meta name=\"twitter:data1\" content=\"\" \/>\n\t<meta name=\"twitter:label2\" content=\"Disponibilit\u00e9\" \/>\n\t<meta name=\"twitter:data2\" content=\"En stock\" \/>\n<meta property=\"product:price:currency\" content=\"EUR\" \/>\n<meta property=\"og:availability\" content=\"instock\" \/>\n<meta property=\"product:availability\" content=\"instock\" \/>\n<meta property=\"product:condition\" content=\"new\" \/>\n<!-- \/ Yoast SEO Premium plugin. -->","yoast_head_json":{"title":"Descargador de Big-bags para descarga - Lleal S.A.U.","description":"Descargador de Big-Bags: equipo concebido para la descarga controlada de Big-bags, incluyendo aquellos productos cuya fluidez sea escasa.","robots":{"index":"index","follow":"follow","max-snippet":"max-snippet:-1","max-image-preview":"max-image-preview:large","max-video-preview":"max-video-preview:-1"},"canonical":"https:\/\/www.lleal.com\/fr\/produit\/dechargeur-de-big-bags-dosybag\/","og_locale":"fr_FR","og_type":"article","og_title":"D\u00e9chargeur de big-bags DOSYBAG","og_description":"Descargador de Big-Bags: equipo concebido para la descarga controlada de Big-bags, incluyendo aquellos productos cuya fluidez sea escasa.","og_url":"https:\/\/www.lleal.com\/fr\/produit\/dechargeur-de-big-bags-dosybag\/","og_site_name":"Lleal S.A.U.","article_modified_time":"2024-07-05T09:48:23+00:00","og_image":[{"width":721,"height":900,"url":"https:\/\/www.lleal.com\/wp-content\/uploads\/2024\/03\/DOSYBAG_Imagen-menu.jpg","type":"image\/jpeg"}],"twitter_card":"summary_large_image","twitter_misc":{"Prix":"","Disponibilit\u00e9":"En stock"},"schema":{"@context":"https:\/\/schema.org","@graph":[{"@type":"WebPage","@id":"https:\/\/www.lleal.com\/fr\/produit\/dechargeur-de-big-bags-dosybag\/","url":"https:\/\/www.lleal.com\/fr\/produit\/dechargeur-de-big-bags-dosybag\/","name":"Descargador de Big-bags para descarga - Lleal S.A.U.","isPartOf":{"@id":"https:\/\/www.lleal.com\/fr\/#website"},"primaryImageOfPage":{"@id":"https:\/\/www.lleal.com\/fr\/produit\/dechargeur-de-big-bags-dosybag\/#primaryimage"},"image":{"@id":"https:\/\/www.lleal.com\/fr\/produit\/dechargeur-de-big-bags-dosybag\/#primaryimage"},"thumbnailUrl":"https:\/\/www.lleal.com\/wp-content\/uploads\/2024\/03\/DOSYBAG_Imagen-menu.jpg","datePublished":"2024-03-07T15:18:22+00:00","dateModified":"2024-07-05T09:48:23+00:00","description":"Descargador de Big-Bags: equipo concebido para la descarga controlada de Big-bags, incluyendo aquellos productos cuya fluidez sea escasa.","breadcrumb":{"@id":"https:\/\/www.lleal.com\/fr\/produit\/dechargeur-de-big-bags-dosybag\/#breadcrumb"},"inLanguage":"fr-FR","potentialAction":[{"@type":"ReadAction","target":["https:\/\/www.lleal.com\/fr\/produit\/dechargeur-de-big-bags-dosybag\/"]}]},{"@type":"ImageObject","inLanguage":"fr-FR","@id":"https:\/\/www.lleal.com\/fr\/produit\/dechargeur-de-big-bags-dosybag\/#primaryimage","url":"https:\/\/www.lleal.com\/wp-content\/uploads\/2024\/03\/DOSYBAG_Imagen-menu.jpg","contentUrl":"https:\/\/www.lleal.com\/wp-content\/uploads\/2024\/03\/DOSYBAG_Imagen-menu.jpg","width":721,"height":900,"caption":"d\u00e9chargeur de gros sacs"},{"@type":"BreadcrumbList","@id":"https:\/\/www.lleal.com\/fr\/produit\/dechargeur-de-big-bags-dosybag\/#breadcrumb","itemListElement":[{"@type":"ListItem","position":1,"name":"Portada","item":"https:\/\/www.lleal.com\/fr\/"},{"@type":"ListItem","position":2,"name":"Boutique","item":"https:\/\/www.lleal.com\/fr\/boutique\/"},{"@type":"ListItem","position":3,"name":"D\u00e9chargeur de big-bags DOSYBAG"}]},{"@type":"WebSite","@id":"https:\/\/www.lleal.com\/fr\/#website","url":"https:\/\/www.lleal.com\/fr\/","name":"Lleal S.A.U.","description":"Experiencia e innovaci\u00f3n al servicio de la industria de proceso","publisher":{"@id":"https:\/\/www.lleal.com\/fr\/#organization"},"potentialAction":[{"@type":"SearchAction","target":{"@type":"EntryPoint","urlTemplate":"https:\/\/www.lleal.com\/fr\/?s={search_term_string}"},"query-input":{"@type":"PropertyValueSpecification","valueRequired":true,"valueName":"search_term_string"}}],"inLanguage":"fr-FR"},{"@type":"Organization","@id":"https:\/\/www.lleal.com\/fr\/#organization","name":"Lleal S.A.U.","url":"https:\/\/www.lleal.com\/fr\/","logo":{"@type":"ImageObject","inLanguage":"fr-FR","@id":"https:\/\/www.lleal.com\/fr\/#\/schema\/logo\/image\/","url":"https:\/\/www.lleal.com\/wp-content\/uploads\/2022\/07\/LOGO-LLEAL-BLACK-CLAIM-1.png","contentUrl":"https:\/\/www.lleal.com\/wp-content\/uploads\/2022\/07\/LOGO-LLEAL-BLACK-CLAIM-1.png","width":116,"height":70,"caption":"Lleal S.A.U."},"image":{"@id":"https:\/\/www.lleal.com\/fr\/#\/schema\/logo\/image\/"}}]},"product_price_currency":"EUR","og_availability":"instock","product_availability":"instock","product_condition":"new"},"_links":{"self":[{"href":"https:\/\/www.lleal.com\/fr\/wp-json\/wp\/v2\/product\/45650","targetHints":{"allow":["GET"]}}],"collection":[{"href":"https:\/\/www.lleal.com\/fr\/wp-json\/wp\/v2\/product"}],"about":[{"href":"https:\/\/www.lleal.com\/fr\/wp-json\/wp\/v2\/types\/product"}],"wp:featuredmedia":[{"embeddable":true,"href":"https:\/\/www.lleal.com\/fr\/wp-json\/wp\/v2\/media\/42569"}],"wp:attachment":[{"href":"https:\/\/www.lleal.com\/fr\/wp-json\/wp\/v2\/media?parent=45650"}],"wp:term":[{"taxonomy":"product_brand","embeddable":true,"href":"https:\/\/www.lleal.com\/fr\/wp-json\/wp\/v2\/product_brand?post=45650"},{"taxonomy":"product_cat","embeddable":true,"href":"https:\/\/www.lleal.com\/fr\/wp-json\/wp\/v2\/product_cat?post=45650"},{"taxonomy":"product_tag","embeddable":true,"href":"https:\/\/www.lleal.com\/fr\/wp-json\/wp\/v2\/product_tag?post=45650"}],"curies":[{"name":"wp","href":"https:\/\/api.w.org\/{rel}","templated":true}]}}