{"id":45127,"date":"2024-03-11T17:49:02","date_gmt":"2024-03-11T16:49:02","guid":{"rendered":"https:\/\/www.lleal.com\/producto\/mg-oscillating-granulator\/"},"modified":"2024-07-03T10:50:04","modified_gmt":"2024-07-03T08:50:04","slug":"mg-oscillating-granulator","status":"publish","type":"product","link":"https:\/\/www.lleal.com\/en\/product\/mg-oscillating-granulator\/","title":{"rendered":"MG oscillating granulator"},"content":{"rendered":"<p>The MG granulator has been designed for the preparation of granules in dry or wet phase and is particularly useful for the conditioning of tablets and pills, both in the pharmaceutical, cosmetic, and chemical sectors.<\/p>\n<p>It features a horizontal rotor with hexagonal profile bars that, with an oscillating rotary motion, crushes large pieces of material, homogenizing the grain size according to the installed sieve.<\/p>\n<p>It allows the grain size to be controlled by adjusting the sieve tension and rotor speed.<\/p>\n<p>Among its main advantages is the ease of cleaning, thanks to having an access door to the interior that allows easy disassembly of the rotor and sieve.<\/p>\n","protected":false},"excerpt":{"rendered":"<p>The MG granulator has been designed for the preparation of granules in dry or wet phase and is particularly useful for the conditioning of tablets and pills, both in the pharmaceutical, cosmetic, and chemical sectors. It features a horizontal rotor with hexagonal profile bars that, with an oscillating rotary motion, crushes large pieces of material, [&hellip;]<\/p>\n","protected":false},"featured_media":41988,"template":"","meta":{"_acf_changed":false},"product_brand":[],"product_cat":[109],"product_tag":[],"class_list":{"0":"post-45127","1":"product","2":"type-product","3":"status-publish","4":"has-post-thumbnail","6":"product_cat-industrial-dryers-and-granulators-for-solids","7":"sectores-cosmetica","8":"sectores-farmacia","9":"sectores-quimica","10":"categoria-procesado-solidos","12":"first","13":"instock","14":"shipping-taxable","15":"product-type-simple"},"acf":[],"yoast_head":"<!-- This site is optimized with the Yoast SEO Premium plugin v23.8 (Yoast SEO v27.5) - https:\/\/yoast.com\/product\/yoast-seo-premium-wordpress\/ -->\n<title>Granuladora Oscilante Farmac\u00e9utica MG-Pharma - Lleal S.A.U.<\/title>\n<meta name=\"description\" content=\"La Granuladora Oscilante Farmac\u00e9utica MG-Pharma es una m\u00e1quina especialmente dise\u00f1ada para la industria farmac\u00e9utica, alimentaria y qu\u00edmica.\" \/>\n<meta name=\"robots\" content=\"index, follow, max-snippet:-1, max-image-preview:large, max-video-preview:-1\" \/>\n<link rel=\"canonical\" href=\"https:\/\/www.lleal.com\/en\/product\/mg-oscillating-granulator\/\" \/>\n<meta property=\"og:locale\" content=\"en_US\" \/>\n<meta property=\"og:type\" content=\"article\" \/>\n<meta property=\"og:title\" content=\"MG oscillating granulator\" \/>\n<meta property=\"og:description\" content=\"La Granuladora Oscilante Farmac\u00e9utica MG-Pharma es una m\u00e1quina especialmente dise\u00f1ada para la industria farmac\u00e9utica, alimentaria y qu\u00edmica.\" \/>\n<meta property=\"og:url\" content=\"https:\/\/www.lleal.com\/en\/product\/mg-oscillating-granulator\/\" \/>\n<meta property=\"og:site_name\" content=\"Lleal S.A.U.\" \/>\n<meta property=\"article:modified_time\" content=\"2024-07-03T08:50:04+00:00\" \/>\n<meta property=\"og:image\" content=\"https:\/\/www.lleal.com\/wp-content\/uploads\/2024\/03\/Granuladora-MG_imagen-menu.jpg\" \/>\n\t<meta property=\"og:image:width\" content=\"721\" \/>\n\t<meta property=\"og:image:height\" content=\"900\" \/>\n\t<meta property=\"og:image:type\" content=\"image\/jpeg\" \/>\n<meta name=\"twitter:card\" content=\"summary_large_image\" \/>\n<meta name=\"twitter:label1\" content=\"Price\" \/>\n\t<meta name=\"twitter:data1\" content=\"\" \/>\n\t<meta name=\"twitter:label2\" content=\"Availability\" \/>\n\t<meta name=\"twitter:data2\" content=\"In stock\" \/>\n<meta property=\"product:price:currency\" content=\"EUR\" \/>\n<meta property=\"og:availability\" content=\"instock\" \/>\n<meta property=\"product:availability\" content=\"instock\" \/>\n<meta property=\"product:condition\" content=\"new\" \/>\n<!-- \/ Yoast SEO Premium plugin. -->","yoast_head_json":{"title":"Granuladora Oscilante Farmac\u00e9utica MG-Pharma - Lleal S.A.U.","description":"La Granuladora Oscilante Farmac\u00e9utica MG-Pharma es una m\u00e1quina especialmente dise\u00f1ada para la industria farmac\u00e9utica, alimentaria y qu\u00edmica.","robots":{"index":"index","follow":"follow","max-snippet":"max-snippet:-1","max-image-preview":"max-image-preview:large","max-video-preview":"max-video-preview:-1"},"canonical":"https:\/\/www.lleal.com\/en\/product\/mg-oscillating-granulator\/","og_locale":"en_US","og_type":"article","og_title":"MG oscillating granulator","og_description":"La Granuladora Oscilante Farmac\u00e9utica MG-Pharma es una m\u00e1quina especialmente dise\u00f1ada para la industria farmac\u00e9utica, alimentaria y qu\u00edmica.","og_url":"https:\/\/www.lleal.com\/en\/product\/mg-oscillating-granulator\/","og_site_name":"Lleal S.A.U.","article_modified_time":"2024-07-03T08:50:04+00:00","og_image":[{"width":721,"height":900,"url":"https:\/\/www.lleal.com\/wp-content\/uploads\/2024\/03\/Granuladora-MG_imagen-menu.jpg","type":"image\/jpeg"}],"twitter_card":"summary_large_image","twitter_misc":{"Price":"","Availability":"In stock"},"schema":{"@context":"https:\/\/schema.org","@graph":[{"@type":"WebPage","@id":"https:\/\/www.lleal.com\/en\/product\/mg-oscillating-granulator\/","url":"https:\/\/www.lleal.com\/en\/product\/mg-oscillating-granulator\/","name":"Granuladora Oscilante Farmac\u00e9utica MG-Pharma - Lleal S.A.U.","isPartOf":{"@id":"https:\/\/www.lleal.com\/en\/#website"},"primaryImageOfPage":{"@id":"https:\/\/www.lleal.com\/en\/product\/mg-oscillating-granulator\/#primaryimage"},"image":{"@id":"https:\/\/www.lleal.com\/en\/product\/mg-oscillating-granulator\/#primaryimage"},"thumbnailUrl":"https:\/\/www.lleal.com\/wp-content\/uploads\/2024\/03\/Granuladora-MG_imagen-menu.jpg","datePublished":"2024-03-11T16:49:02+00:00","dateModified":"2024-07-03T08:50:04+00:00","description":"La Granuladora Oscilante Farmac\u00e9utica MG-Pharma es una m\u00e1quina especialmente dise\u00f1ada para la industria farmac\u00e9utica, alimentaria y qu\u00edmica.","breadcrumb":{"@id":"https:\/\/www.lleal.com\/en\/product\/mg-oscillating-granulator\/#breadcrumb"},"inLanguage":"en-US","potentialAction":[{"@type":"ReadAction","target":["https:\/\/www.lleal.com\/en\/product\/mg-oscillating-granulator\/"]}]},{"@type":"ImageObject","inLanguage":"en-US","@id":"https:\/\/www.lleal.com\/en\/product\/mg-oscillating-granulator\/#primaryimage","url":"https:\/\/www.lleal.com\/wp-content\/uploads\/2024\/03\/Granuladora-MG_imagen-menu.jpg","contentUrl":"https:\/\/www.lleal.com\/wp-content\/uploads\/2024\/03\/Granuladora-MG_imagen-menu.jpg","width":721,"height":900},{"@type":"BreadcrumbList","@id":"https:\/\/www.lleal.com\/en\/product\/mg-oscillating-granulator\/#breadcrumb","itemListElement":[{"@type":"ListItem","position":1,"name":"Portada","item":"https:\/\/www.lleal.com\/en\/"},{"@type":"ListItem","position":2,"name":"Shop","item":"https:\/\/www.lleal.com\/en\/shop\/"},{"@type":"ListItem","position":3,"name":"MG oscillating granulator"}]},{"@type":"WebSite","@id":"https:\/\/www.lleal.com\/en\/#website","url":"https:\/\/www.lleal.com\/en\/","name":"Lleal S.A.U.","description":"Experiencia e innovaci\u00f3n al servicio de la industria de proceso","publisher":{"@id":"https:\/\/www.lleal.com\/en\/#organization"},"potentialAction":[{"@type":"SearchAction","target":{"@type":"EntryPoint","urlTemplate":"https:\/\/www.lleal.com\/en\/?s={search_term_string}"},"query-input":{"@type":"PropertyValueSpecification","valueRequired":true,"valueName":"search_term_string"}}],"inLanguage":"en-US"},{"@type":"Organization","@id":"https:\/\/www.lleal.com\/en\/#organization","name":"Lleal S.A.U.","url":"https:\/\/www.lleal.com\/en\/","logo":{"@type":"ImageObject","inLanguage":"en-US","@id":"https:\/\/www.lleal.com\/en\/#\/schema\/logo\/image\/","url":"https:\/\/www.lleal.com\/wp-content\/uploads\/2022\/07\/LOGO-LLEAL-BLACK-CLAIM-1.png","contentUrl":"https:\/\/www.lleal.com\/wp-content\/uploads\/2022\/07\/LOGO-LLEAL-BLACK-CLAIM-1.png","width":116,"height":70,"caption":"Lleal S.A.U."},"image":{"@id":"https:\/\/www.lleal.com\/en\/#\/schema\/logo\/image\/"}}]},"product_price_currency":"EUR","og_availability":"instock","product_availability":"instock","product_condition":"new"},"_links":{"self":[{"href":"https:\/\/www.lleal.com\/en\/wp-json\/wp\/v2\/product\/45127","targetHints":{"allow":["GET"]}}],"collection":[{"href":"https:\/\/www.lleal.com\/en\/wp-json\/wp\/v2\/product"}],"about":[{"href":"https:\/\/www.lleal.com\/en\/wp-json\/wp\/v2\/types\/product"}],"wp:featuredmedia":[{"embeddable":true,"href":"https:\/\/www.lleal.com\/en\/wp-json\/wp\/v2\/media\/41988"}],"wp:attachment":[{"href":"https:\/\/www.lleal.com\/en\/wp-json\/wp\/v2\/media?parent=45127"}],"wp:term":[{"taxonomy":"product_brand","embeddable":true,"href":"https:\/\/www.lleal.com\/en\/wp-json\/wp\/v2\/product_brand?post=45127"},{"taxonomy":"product_cat","embeddable":true,"href":"https:\/\/www.lleal.com\/en\/wp-json\/wp\/v2\/product_cat?post=45127"},{"taxonomy":"product_tag","embeddable":true,"href":"https:\/\/www.lleal.com\/en\/wp-json\/wp\/v2\/product_tag?post=45127"}],"curies":[{"name":"wp","href":"https:\/\/api.w.org\/{rel}","templated":true}]}}