{"id":43961,"date":"2024-01-10T19:21:53","date_gmt":"2024-01-10T18:21:53","guid":{"rendered":"https:\/\/www.lleal.com\/producto\/dosificador-de-solids-dpll\/"},"modified":"2025-02-12T09:35:30","modified_gmt":"2025-02-12T08:35:30","slug":"dosificador-de-solids-dpll","status":"publish","type":"product","link":"https:\/\/www.lleal.com\/ca\/producte\/dosificador-de-solids-dpll\/","title":{"rendered":"Envasadora de s\u00f2lids DPLL"},"content":{"rendered":"<p>L&#8217;<strong>envasadora de s\u00f2lids DPLL<\/strong> \u00e9s un equip dissenyat per a l&#8217;envasament i dosatge prec\u00eds de productes granulats o en pols, ideal per a lots petits. El seu dosificador de p\u00f3ls s\u00f2lids, basat en un cargol vis-sens-fi vertical, garanteix una distribuci\u00f3 uniforme del producte, permetent adaptar el di\u00e0metre del caragol segons les caracter\u00edstiques del material a envasar. <\/p>\n<p>Segons el tipus de producte i la quantitat a dosar, la DPLL ofereix dos sistemes de control:<\/p>\n<ul>\n<li>Dosatge gravim\u00e8tric (per pes): Recomanat per a lots de fins a 6 kg. En aquest cas, l&#8217;envasadora de s\u00f2lids opera com un dosificador per pes, ja que incorpora una b\u00e0scula d&#8217;alta precisi\u00f3 que controla el dosatge del producte enviant senyals de parada i tancament al vis-sens-fi i a la v\u00e0lvula de tancament del broquet. Inclou:  <\/li>\n<li style=\"list-style-type: none;\">\n<ul>\n<li style=\"list-style-type: none;\">\n<ul>\n<li style=\"color: #c01515; text-align: left;\"><span style=\"color: #333333;\">Lectura de pes en cada dosificaci\u00f3.<\/span><\/li>\n<li style=\"color: #c01515; text-align: left;\"><span style=\"color: #333333;\">Auto-tara d&#8217;envasos per a major precisi\u00f3.<\/span><\/li>\n<li style=\"color: #c01515; text-align: left;\"><span style=\"color: #333333;\">Totalitzador de pesades.<\/span><\/li>\n<li style=\"color: #c01515; text-align: left;\"><span style=\"color: #333333;\">C\u00e0lcul del pes total dosat.<\/span><\/li>\n<\/ul>\n<\/li>\n<\/ul>\n<\/li>\n<li>Dosatge volum\u00e8tric: Per a lots de fins a 10 kg, la DPLL actua com un dosificador volum\u00e8tric de s\u00f2lids, on el mesurament es realitza mitjan\u00e7ant un comptador de polsos i un temporitzador integrat en el quadre de control.<\/li>\n<\/ul>\n<p>Totes dues versions poden configurar-se per a operar en mode semiautom\u00e0tic o autom\u00e0tic, permetent la integraci\u00f3 d&#8217;una estaci\u00f3 de col\u00b7locaci\u00f3 i tancament de tapes. En aquesta configuraci\u00f3, la DPLL funciona com una envasadora de s\u00f2lids autom\u00e0tica, optimitzant la producci\u00f3. <\/p>\n<p>La DPLL est\u00e0 disponible en dos models:<\/p>\n<ul>\n<li>Versi\u00f3 de sobretaula per a espais redu\u00efts.<\/li>\n<li>Versi\u00f3 amb base suporti per a instal\u00b7laci\u00f3 en s\u00f2l.<\/li>\n<\/ul>\n<h4><strong>Necessites nom\u00e9s un dosificador per a lots petits? Descobreix com la DPLL pot ser la teva millor opci\u00f3 <\/strong><\/h4>\n<p>La seva versatilitat la fa una alternativa ideal per a aquells que busquen un dosificador volum\u00e8tric de s\u00f2lids o un dosificador per pes, amb l&#8217;avantatge que pot integrar-se dins d&#8217;una l\u00ednia completa d&#8217;envasament operant de forma totalment autom\u00e0tica.<\/p>\n<p>Si busques una m\u00e0quina envasadora de s\u00f2lids amb dosatge prec\u00eds, la DPLL \u00e9s la soluci\u00f3 ideal per a la teva producci\u00f3.<\/p>\n<p><strong>Contacta&#8217;ns per a m\u00e9s informaci\u00f3!<\/strong><\/p>\n","protected":false},"excerpt":{"rendered":"<p>L&#8217;envasadora de s\u00f2lids DPLL \u00e9s un equip dissenyat per a l&#8217;envasament i dosatge prec\u00eds de productes granulats o en pols, ideal per a lots petits. El seu dosificador de p\u00f3ls s\u00f2lids, basat en un cargol vis-sens-fi vertical, garanteix una distribuci\u00f3 uniforme del producte, permetent adaptar el di\u00e0metre del caragol segons les caracter\u00edstiques del material a [&hellip;]<\/p>\n","protected":false},"featured_media":4336,"template":"","meta":{"_acf_changed":false},"product_brand":[],"product_cat":[103],"product_tag":[],"class_list":{"0":"post-43961","1":"product","2":"type-product","3":"status-publish","4":"has-post-thumbnail","6":"product_cat-envasadores-industrials","7":"sectores-alimentacion","8":"sectores-cosmetica","9":"sectores-farmacia","10":"sectores-quimica","11":"categoria-equipos-envasado","13":"first","14":"instock","15":"shipping-taxable","16":"product-type-simple"},"acf":[],"yoast_head":"<!-- This site is optimized with the Yoast SEO Premium plugin v23.8 (Yoast SEO v27.4) - https:\/\/yoast.com\/product\/yoast-seo-premium-wordpress\/ -->\n<title>Envasadora de pols - Envasadora de s\u00f2lids - Lleal S.A.U.<\/title>\n<meta name=\"description\" content=\"Dosificador de pols o dosificador de s\u00f2lids apte per a productes s\u00f2lids, granulats o pols. Ideal para el envasado en lotes peque\u00f1os.\" \/>\n<meta name=\"robots\" content=\"index, follow, max-snippet:-1, max-image-preview:large, max-video-preview:-1\" \/>\n<link rel=\"canonical\" href=\"https:\/\/www.lleal.com\/ca\/producte\/dosificador-de-solids-dpll\/\" \/>\n<meta property=\"og:locale\" content=\"ca_ES\" \/>\n<meta property=\"og:type\" content=\"article\" \/>\n<meta property=\"og:title\" content=\"Envasadora de s\u00f2lids DPLL\" \/>\n<meta property=\"og:description\" content=\"Dosificador de pols o dosificador de s\u00f2lids apte per a productes s\u00f2lids, granulats o pols. Ideal para el envasado en lotes peque\u00f1os.\" \/>\n<meta property=\"og:url\" content=\"https:\/\/www.lleal.com\/ca\/producte\/dosificador-de-solids-dpll\/\" \/>\n<meta property=\"og:site_name\" content=\"Lleal S.A.U.\" \/>\n<meta property=\"article:modified_time\" content=\"2025-02-12T08:35:30+00:00\" \/>\n<meta property=\"og:image\" content=\"https:\/\/www.lleal.com\/wp-content\/uploads\/2024\/01\/DPLL_imagen-menu.jpg\" \/>\n\t<meta property=\"og:image:width\" content=\"721\" \/>\n\t<meta property=\"og:image:height\" content=\"900\" \/>\n\t<meta property=\"og:image:type\" content=\"image\/jpeg\" \/>\n<meta name=\"twitter:card\" content=\"summary_large_image\" \/>\n<meta name=\"twitter:label1\" content=\"Preu\" \/>\n\t<meta name=\"twitter:data1\" content=\"\" \/>\n\t<meta name=\"twitter:label2\" content=\"Disponibilitat\" \/>\n\t<meta name=\"twitter:data2\" content=\"En estoc\" \/>\n<meta property=\"product:price:currency\" content=\"EUR\" \/>\n<meta property=\"og:availability\" content=\"instock\" \/>\n<meta property=\"product:availability\" content=\"instock\" \/>\n<meta property=\"product:condition\" content=\"new\" \/>\n<!-- \/ Yoast SEO Premium plugin. -->","yoast_head_json":{"title":"Envasadora de pols - Envasadora de s\u00f2lids - Lleal S.A.U.","description":"Dosificador de pols o dosificador de s\u00f2lids apte per a productes s\u00f2lids, granulats o pols. Ideal para el envasado en lotes peque\u00f1os.","robots":{"index":"index","follow":"follow","max-snippet":"max-snippet:-1","max-image-preview":"max-image-preview:large","max-video-preview":"max-video-preview:-1"},"canonical":"https:\/\/www.lleal.com\/ca\/producte\/dosificador-de-solids-dpll\/","og_locale":"ca_ES","og_type":"article","og_title":"Envasadora de s\u00f2lids DPLL","og_description":"Dosificador de pols o dosificador de s\u00f2lids apte per a productes s\u00f2lids, granulats o pols. Ideal para el envasado en lotes peque\u00f1os.","og_url":"https:\/\/www.lleal.com\/ca\/producte\/dosificador-de-solids-dpll\/","og_site_name":"Lleal S.A.U.","article_modified_time":"2025-02-12T08:35:30+00:00","og_image":[{"width":721,"height":900,"url":"https:\/\/www.lleal.com\/wp-content\/uploads\/2024\/01\/DPLL_imagen-menu.jpg","type":"image\/jpeg"}],"twitter_card":"summary_large_image","twitter_misc":{"Preu":"","Disponibilitat":"En estoc"},"schema":{"@context":"https:\/\/schema.org","@graph":[{"@type":"WebPage","@id":"https:\/\/www.lleal.com\/ca\/producte\/dosificador-de-solids-dpll\/","url":"https:\/\/www.lleal.com\/ca\/producte\/dosificador-de-solids-dpll\/","name":"Envasadora de pols - Envasadora de s\u00f2lids - Lleal S.A.U.","isPartOf":{"@id":"https:\/\/www.lleal.com\/ca\/#website"},"primaryImageOfPage":{"@id":"https:\/\/www.lleal.com\/ca\/producte\/dosificador-de-solids-dpll\/#primaryimage"},"image":{"@id":"https:\/\/www.lleal.com\/ca\/producte\/dosificador-de-solids-dpll\/#primaryimage"},"thumbnailUrl":"https:\/\/www.lleal.com\/wp-content\/uploads\/2024\/01\/DPLL_imagen-menu.jpg","datePublished":"2024-01-10T18:21:53+00:00","dateModified":"2025-02-12T08:35:30+00:00","description":"Dosificador de pols o dosificador de s\u00f2lids apte per a productes s\u00f2lids, granulats o pols. Ideal para el envasado en lotes peque\u00f1os.","breadcrumb":{"@id":"https:\/\/www.lleal.com\/ca\/producte\/dosificador-de-solids-dpll\/#breadcrumb"},"inLanguage":"ca","potentialAction":[{"@type":"ReadAction","target":["https:\/\/www.lleal.com\/ca\/producte\/dosificador-de-solids-dpll\/"]}]},{"@type":"ImageObject","inLanguage":"ca","@id":"https:\/\/www.lleal.com\/ca\/producte\/dosificador-de-solids-dpll\/#primaryimage","url":"https:\/\/www.lleal.com\/wp-content\/uploads\/2024\/01\/DPLL_imagen-menu.jpg","contentUrl":"https:\/\/www.lleal.com\/wp-content\/uploads\/2024\/01\/DPLL_imagen-menu.jpg","width":721,"height":900},{"@type":"BreadcrumbList","@id":"https:\/\/www.lleal.com\/ca\/producte\/dosificador-de-solids-dpll\/#breadcrumb","itemListElement":[{"@type":"ListItem","position":1,"name":"Portada","item":"https:\/\/www.lleal.com\/ca\/"},{"@type":"ListItem","position":2,"name":"Botiga","item":"https:\/\/www.lleal.com\/ca\/botiga\/"},{"@type":"ListItem","position":3,"name":"Envasadora de s\u00f2lids DPLL"}]},{"@type":"WebSite","@id":"https:\/\/www.lleal.com\/ca\/#website","url":"https:\/\/www.lleal.com\/ca\/","name":"Lleal S.A.U.","description":"Experiencia e innovaci\u00f3n al servicio de la industria de proceso","publisher":{"@id":"https:\/\/www.lleal.com\/ca\/#organization"},"potentialAction":[{"@type":"SearchAction","target":{"@type":"EntryPoint","urlTemplate":"https:\/\/www.lleal.com\/ca\/?s={search_term_string}"},"query-input":{"@type":"PropertyValueSpecification","valueRequired":true,"valueName":"search_term_string"}}],"inLanguage":"ca"},{"@type":"Organization","@id":"https:\/\/www.lleal.com\/ca\/#organization","name":"Lleal S.A.U.","url":"https:\/\/www.lleal.com\/ca\/","logo":{"@type":"ImageObject","inLanguage":"ca","@id":"https:\/\/www.lleal.com\/ca\/#\/schema\/logo\/image\/","url":"https:\/\/www.lleal.com\/wp-content\/uploads\/2022\/07\/LOGO-LLEAL-BLACK-CLAIM-1.png","contentUrl":"https:\/\/www.lleal.com\/wp-content\/uploads\/2022\/07\/LOGO-LLEAL-BLACK-CLAIM-1.png","width":116,"height":70,"caption":"Lleal S.A.U."},"image":{"@id":"https:\/\/www.lleal.com\/ca\/#\/schema\/logo\/image\/"}}]},"product_price_currency":"EUR","og_availability":"instock","product_availability":"instock","product_condition":"new"},"_links":{"self":[{"href":"https:\/\/www.lleal.com\/ca\/wp-json\/wp\/v2\/product\/43961","targetHints":{"allow":["GET"]}}],"collection":[{"href":"https:\/\/www.lleal.com\/ca\/wp-json\/wp\/v2\/product"}],"about":[{"href":"https:\/\/www.lleal.com\/ca\/wp-json\/wp\/v2\/types\/product"}],"wp:featuredmedia":[{"embeddable":true,"href":"https:\/\/www.lleal.com\/ca\/wp-json\/wp\/v2\/media\/4336"}],"wp:attachment":[{"href":"https:\/\/www.lleal.com\/ca\/wp-json\/wp\/v2\/media?parent=43961"}],"wp:term":[{"taxonomy":"product_brand","embeddable":true,"href":"https:\/\/www.lleal.com\/ca\/wp-json\/wp\/v2\/product_brand?post=43961"},{"taxonomy":"product_cat","embeddable":true,"href":"https:\/\/www.lleal.com\/ca\/wp-json\/wp\/v2\/product_cat?post=43961"},{"taxonomy":"product_tag","embeddable":true,"href":"https:\/\/www.lleal.com\/ca\/wp-json\/wp\/v2\/product_tag?post=43961"}],"curies":[{"name":"wp","href":"https:\/\/api.w.org\/{rel}","templated":true}]}}